{"id":4698,"date":"2016-12-21T09:23:58","date_gmt":"2016-12-21T09:23:58","guid":{"rendered":"http:\/\/www.reservoirbaskatong.qc.ca\/home\/"},"modified":"2022-03-09T15:55:22","modified_gmt":"2022-03-09T19:55:22","slug":"home","status":"publish","type":"page","link":"https:\/\/www.reservoirbaskatong.qc.ca\/en\/","title":{"rendered":"Home"},"content":{"rendered":"<p><!-- Start video bg area --><\/p>\n<p><!-- End video bg area --><\/p>\n<p><!-- End apptech bg video--><\/p>\n<p>21 outfitters \t\t\t\t\t\t\t\t\t<\/p>\n<p>at your service\t\t\t\t\t\t\t\t\t\t\t\t\t\t\t\t\t\t\t\t\t\t\t\t\t\t\t\t\t<\/p>\n<p><!-- Start slider button --><\/p>\n<p><a href=\"nospourvoiries\" target=\"_self\" rel=\"noopener\"><\/p>\n<p>See more<\/p>\n<p><\/a><\/p>\n<p><!-- End Slider Button --><\/p>\n<p><!-- .container --><\/p>\n<p><!-- .overlay --><\/p>\n<p><!-- Start video bg area --><\/p>\n<p><!-- End video bg area --><\/p>\n<p><!-- End apptech bg video--><\/p>\n<p>Baskatong Reservoir\t\t\t\t\t\t\t\t\t<\/p>\n<p>a destination of choice\t\t\t\t\t\t\t\t\t\t\t\t\t\t\t\t\t\t\t\t\t\t\t\t\t\t\t\t\t<\/p>\n<p><!-- Start slider button --><\/p>\n<p><a href=\"#\" target=\"_self\" rel=\"noopener\"><\/p>\n<p>See more<\/p>\n<p><\/a><\/p>\n<p><!-- End Slider Button --><\/p>\n<p><!-- .container --><\/p>\n<p><!-- .overlay --><\/p>\n<p><!-- Start video bg area --><\/p>\n<p><!-- End video bg area --><\/p>\n<p><!-- End apptech bg video--><\/p>\n<p>21 outfitters\t\t\t\t\t\t\t\t\t<\/p>\n<p>For all tastes and budgets\t\t\t\t\t\t\t\t\t\t\t\t\t\t\t\t\t\t\t\t\t\t\t\t\t\t\t\t\t<\/p>\n<p><!-- Start slider button --><\/p>\n<p><!-- End Slider Button --><\/p>\n<p><!-- .container --><\/p>\n<p><!-- .overlay --><\/p>\n<p><a><\/a><\/p>\n<p>Home<br \/>\n\t\t\t\t\t\t\t\t\t\t\t\t\t\t\t\t\t\t\t\t\t\t\t\t\t\t\t\t\t\t\t\t\t\t\t\t\tBaskatong, the four-season destination!Located at the crossroads of the Outaouais and Upper Laurentian regions, the Baskatong Reservoir is truly enchanting. Its 320 square km area and 2,800 km of banks encompass five lakes: Piscatosine, Cokanagog, Cam\u00e9ra, Ch\u00eane, Georges, and Philomene Bay.An oasis enhanced by 21 outfitters, who, in all seasons, will warmly welcome you and provide you a quality stay, based on your taste and budget. Come and recharge your batteries in nature. Stay at an inn, in a cottage or camp.This magnificent body of water dotted with islands, bays and fine sand beaches is a true paradise for recreational fishermen and vacationers. It is also a destination of choice for outdoor lovers all year round.Do you like adventures?<a href=\"https:\/\/www.reservoirbaskatong.qc.ca\/en\/our-outfitters\/\">Visit our outfitters!<\/a><\/p>\n<p><img loading=\"lazy\" decoding=\"async\" width=\"570\" height=\"324\" src=\"https:\/\/www.reservoirbaskatong.qc.ca\/wp-content\/uploads\/2019\/02\/resevoir_baskatong.png\" \/>\t\t\t\t<\/p>\n<p><!-- \/row --><\/p>\n<p><a><\/a><\/p>\n<p>About us<br \/>\n\t\t\t\t\t\t\t\t\t\t\t\t\t\t\t\t\t\t\t\t\t\t\t\t\t\t\t\t\t\t\t\t\t\t\t\t\tBaskatong, a destination of choice21 member outfitters of the Baskatong Outfitters Association (Association des Pourvoiries du Baskatong), on the shores of the reservoir. They offer accommodation and a host of activities that will amaze people of all ages. All different, one from the other; inns, cottages and campgrounds, it\u2019s your choice!Halfway between Montreal and Abitibi and 2 hours from the capital, the Baskatong Reservoir is full of dazzling bays and beaches. Thanks to its geographical location, this welcoming land is inescapable for water sports; swimming, windsurfing, kite surfing, pedal boating, kayaking, canoeing, boating, personal watercraft and more!The destination of choice for avid fishermen! Challenge your fishing line against everything from walleye to pike to yellow perch to many other varieties such as ouananiche, sturgeon, etc. It\u2019s important to know that this fabulous 320-square-kilometer body of water is a community wildlife area. Here at Baskatong Reservoir, fishing begins with a fishing authorization in addition to your Quebec license. For fishing quality, this right of access, under the \u201cuser pays\u201d principle, allows for the development and conservation of the body of water.For more information on regulations and rates:<a href=\"https:\/\/www.afcbaskatong.com\/peche-et-reglementation\" target=\"_blank\" rel=\"noopener\">https:\/\/www.afcbaskatong.com\/peche-et-reglementation<\/a><\/p>\n<p>Snowmobile and quad paradise! Hundreds of kilometers to explore the region. Not to be missed: The refuge of the snowmobile Club les Ours Blancs and the famous Montagne du Diable.<a href=\"http:\/\/www.oursblancs.com\/\" target=\"_blank\" rel=\"noopener\">http:\/\/www.oursblancs.com\/<\/a>&nbsp;<a href=\"https:\/\/motoneiges.ca\/actions\/showClubConditions?request_locale=fr&amp;page=sen&amp;cid=216\" target=\"_blank\" rel=\"noopener\">https:\/\/motoneiges.ca\/<\/a><a href=\"https:\/\/www.clubquadvg.com\/\" target=\"_blank\" rel=\"noopener\">https:\/\/www.clubquadvg.com\/<\/a>&nbsp;<a href=\"https:\/\/www.quad-aventure.ca\/clubs-quad.html\" target=\"_blank\" rel=\"noopener\">https:\/\/www.quad-aventure.ca\/clubs-quad.html<\/a>Winter fun: snowmobiling, snowshoeing, cross-country skiing, quFFad and ice fishing are the main activities. Some outfitters are open in the winter and they all have complementary offers. Come play outside!This is the perfect opportunity for hunting enthusiasts to learn or perfect their practice under exceptional conditions. A favorite destination for small game, white-tailed deer, moose, bear and migratory bird hunting.<a href=\"https:\/\/www.reservoirbaskatong.qc.ca\/en\/our-outfitters\/\">Visit our outfitters!<\/a><\/p>\n<p><!-- \/row --><\/p>\n<p><a href=\"https:\/\/www.reservoirbaskatong.qc.ca\/wp-content\/grand-media\/image\/carte_pourvoirie.jpg\"><img decoding=\"async\" src=\"https:\/\/www.reservoirbaskatong.qc.ca\/wp-content\/grand-media\/image\/thumb\/carte_pourvoirie.jpg\" \/><\/a><br \/>\nCarte Pourvoirie<\/p>\n<p><a href=\"https:\/\/www.reservoirbaskatong.qc.ca\/wp-content\/grand-media\/image\/resevoir_baskatong7.jpg\"><img decoding=\"async\" src=\"https:\/\/www.reservoirbaskatong.qc.ca\/wp-content\/grand-media\/image\/thumb\/resevoir_baskatong7.jpg\" \/><\/a><br \/>\nResevoir Baskatong7<\/p>\n<p><a href=\"https:\/\/www.reservoirbaskatong.qc.ca\/wp-content\/grand-media\/image\/resevoir_baskatong6.jpg\"><img decoding=\"async\" src=\"https:\/\/www.reservoirbaskatong.qc.ca\/wp-content\/grand-media\/image\/thumb\/resevoir_baskatong6.jpg\" \/><\/a><br \/>\nResevoir Baskatong6<\/p>\n<p><a href=\"https:\/\/www.reservoirbaskatong.qc.ca\/wp-content\/grand-media\/image\/resevoir_baskatong5.jpg\"><img decoding=\"async\" src=\"https:\/\/www.reservoirbaskatong.qc.ca\/wp-content\/grand-media\/image\/thumb\/resevoir_baskatong5.jpg\" \/><\/a><br \/>\nResevoir Baskatong5<\/p>\n<p><a href=\"https:\/\/www.reservoirbaskatong.qc.ca\/wp-content\/grand-media\/image\/resevoir_baskatong4.jpg\"><img decoding=\"async\" src=\"https:\/\/www.reservoirbaskatong.qc.ca\/wp-content\/grand-media\/image\/thumb\/resevoir_baskatong4.jpg\" \/><\/a><br \/>\nResevoir Baskatong4<\/p>\n<p><a href=\"https:\/\/www.reservoirbaskatong.qc.ca\/wp-content\/grand-media\/image\/resevoir_baskatong3.jpg\"><img decoding=\"async\" src=\"https:\/\/www.reservoirbaskatong.qc.ca\/wp-content\/grand-media\/image\/thumb\/resevoir_baskatong3.jpg\" \/><\/a><br \/>\nResevoir Baskatong3<\/p>\n<p><a href=\"https:\/\/www.reservoirbaskatong.qc.ca\/wp-content\/grand-media\/image\/resevoir_baskatong2.jpg\"><img decoding=\"async\" src=\"https:\/\/www.reservoirbaskatong.qc.ca\/wp-content\/grand-media\/image\/thumb\/resevoir_baskatong2.jpg\" \/><\/a><br \/>\nResevoir Baskatong2<\/p>\n<p><a href=\"https:\/\/www.reservoirbaskatong.qc.ca\/wp-content\/grand-media\/image\/resevoir_baskatong1.jpg\"><img decoding=\"async\" src=\"https:\/\/www.reservoirbaskatong.qc.ca\/wp-content\/grand-media\/image\/thumb\/resevoir_baskatong1.jpg\" \/><\/a><br \/>\nResevoir Baskatong1<\/p>\n","protected":false},"excerpt":{"rendered":"<p class=\"excerpt\">21 outfitters at your service See more Baskatong Reservoir a destination of choice See more 21 outfitters For all tastes and budgets Home Baskatong, the four-season destination!Located at the crossroads of the Outaouais and Upper Laurentian regions, the Baskatong Reservoir is truly enchanting. Its 320 square km area and 2,800 km of banks encompass five [&hellip;]<\/p>\n","protected":false},"author":1,"featured_media":0,"parent":0,"menu_order":0,"comment_status":"closed","ping_status":"closed","template":"builder.php","meta":{"footnotes":""},"class_list":["post-4698","page","type-page","status-publish","hentry"],"yoast_head":"<!-- This site is optimized with the Yoast SEO plugin v25.3 - https:\/\/yoast.com\/wordpress\/plugins\/seo\/ -->\n<title>Home - Association des pourvoiries du R\u00e9servoir Baskatong - Pourvoiries au Qu\u00e9bec, pourvoiries en Outaouais!<\/title>\n<meta name=\"description\" content=\"Pourvoiries de chasse et de p\u00eache. Immense plan d&#039;eau situ\u00e9 \u00e0 3 heures de Montr\u00e9al, l&#039;aire faunique communautaire du R\u00e9servoir Baskatong est l&#039;endroit id\u00e9al pour les chasseurs, les p\u00eacheurs et des vacanciers avident de grande nature et de plein air.\" \/>\n<meta name=\"robots\" content=\"index, follow, max-snippet:-1, max-image-preview:large, max-video-preview:-1\" \/>\n<link rel=\"canonical\" href=\"https:\/\/www.reservoirbaskatong.qc.ca\/en\/\" \/>\n<meta property=\"og:locale\" content=\"en_US\" \/>\n<meta property=\"og:type\" content=\"article\" \/>\n<meta property=\"og:title\" content=\"Home - Association des pourvoiries du R\u00e9servoir Baskatong - Pourvoiries au Qu\u00e9bec, pourvoiries en Outaouais!\" \/>\n<meta property=\"og:description\" content=\"Pourvoiries de chasse et de p\u00eache. Immense plan d&#039;eau situ\u00e9 \u00e0 3 heures de Montr\u00e9al, l&#039;aire faunique communautaire du R\u00e9servoir Baskatong est l&#039;endroit id\u00e9al pour les chasseurs, les p\u00eacheurs et des vacanciers avident de grande nature et de plein air.\" \/>\n<meta property=\"og:url\" content=\"https:\/\/www.reservoirbaskatong.qc.ca\/en\/\" \/>\n<meta property=\"og:site_name\" content=\"Association des pourvoiries du R\u00e9servoir Baskatong - Pourvoiries au Qu\u00e9bec, pourvoiries en Outaouais!\" \/>\n<meta property=\"article:modified_time\" content=\"2022-03-09T19:55:22+00:00\" \/>\n<meta property=\"og:image\" content=\"https:\/\/www.reservoirbaskatong.qc.ca\/wp-content\/uploads\/2019\/02\/resevoir_baskatong.png\" \/>\n<meta name=\"twitter:card\" content=\"summary_large_image\" \/>\n<meta name=\"twitter:label1\" content=\"Est. reading time\" \/>\n\t<meta name=\"twitter:data1\" content=\"2 minutes\" \/>\n<script type=\"application\/ld+json\" class=\"yoast-schema-graph\">{\"@context\":\"https:\/\/schema.org\",\"@graph\":[{\"@type\":\"WebPage\",\"@id\":\"https:\/\/www.reservoirbaskatong.qc.ca\/en\/\",\"url\":\"https:\/\/www.reservoirbaskatong.qc.ca\/en\/\",\"name\":\"Home - Association des pourvoiries du R\u00e9servoir Baskatong - Pourvoiries au Qu\u00e9bec, pourvoiries en Outaouais!\",\"isPartOf\":{\"@id\":\"https:\/\/www.reservoirbaskatong.qc.ca\/#website\"},\"primaryImageOfPage\":{\"@id\":\"https:\/\/www.reservoirbaskatong.qc.ca\/en\/#primaryimage\"},\"image\":{\"@id\":\"https:\/\/www.reservoirbaskatong.qc.ca\/en\/#primaryimage\"},\"thumbnailUrl\":\"https:\/\/www.reservoirbaskatong.qc.ca\/wp-content\/uploads\/2019\/02\/resevoir_baskatong.png\",\"datePublished\":\"2016-12-21T09:23:58+00:00\",\"dateModified\":\"2022-03-09T19:55:22+00:00\",\"description\":\"Pourvoiries de chasse et de p\u00eache. Immense plan d'eau situ\u00e9 \u00e0 3 heures de Montr\u00e9al, l'aire faunique communautaire du R\u00e9servoir Baskatong est l'endroit id\u00e9al pour les chasseurs, les p\u00eacheurs et des vacanciers avident de grande nature et de plein air.\",\"breadcrumb\":{\"@id\":\"https:\/\/www.reservoirbaskatong.qc.ca\/en\/#breadcrumb\"},\"inLanguage\":\"en-US\",\"potentialAction\":[{\"@type\":\"ReadAction\",\"target\":[\"https:\/\/www.reservoirbaskatong.qc.ca\/en\/\"]}]},{\"@type\":\"ImageObject\",\"inLanguage\":\"en-US\",\"@id\":\"https:\/\/www.reservoirbaskatong.qc.ca\/en\/#primaryimage\",\"url\":\"https:\/\/www.reservoirbaskatong.qc.ca\/wp-content\/uploads\/2019\/02\/resevoir_baskatong.png\",\"contentUrl\":\"https:\/\/www.reservoirbaskatong.qc.ca\/wp-content\/uploads\/2019\/02\/resevoir_baskatong.png\"},{\"@type\":\"BreadcrumbList\",\"@id\":\"https:\/\/www.reservoirbaskatong.qc.ca\/en\/#breadcrumb\",\"itemListElement\":[{\"@type\":\"ListItem\",\"position\":1,\"name\":\"Accueil\",\"item\":\"https:\/\/www.reservoirbaskatong.qc.ca\/en\/\"},{\"@type\":\"ListItem\",\"position\":2,\"name\":\"Home\"}]},{\"@type\":\"WebSite\",\"@id\":\"https:\/\/www.reservoirbaskatong.qc.ca\/#website\",\"url\":\"https:\/\/www.reservoirbaskatong.qc.ca\/\",\"name\":\"Association des pourvoiries du R\u00e9servoir Baskatong - Pourvoiries au Qu\u00e9bec, pourvoiries en Outaouais!\",\"description\":\"\",\"publisher\":{\"@id\":\"https:\/\/www.reservoirbaskatong.qc.ca\/#organization\"},\"potentialAction\":[{\"@type\":\"SearchAction\",\"target\":{\"@type\":\"EntryPoint\",\"urlTemplate\":\"https:\/\/www.reservoirbaskatong.qc.ca\/?s={search_term_string}\"},\"query-input\":{\"@type\":\"PropertyValueSpecification\",\"valueRequired\":true,\"valueName\":\"search_term_string\"}}],\"inLanguage\":\"en-US\"},{\"@type\":\"Organization\",\"@id\":\"https:\/\/www.reservoirbaskatong.qc.ca\/#organization\",\"name\":\"Association des pourvoiries du R\u00e9servoir Baskatong - Pourvoiries au Qu\u00e9bec, pourvoiries en Outaouais!\",\"url\":\"https:\/\/www.reservoirbaskatong.qc.ca\/\",\"logo\":{\"@type\":\"ImageObject\",\"inLanguage\":\"en-US\",\"@id\":\"https:\/\/www.reservoirbaskatong.qc.ca\/#\/schema\/logo\/image\/\",\"url\":\"https:\/\/www.reservoirbaskatong.qc.ca\/wp-content\/uploads\/2018\/06\/Ass-pourvoirie-baskatong-Logo.jpg\",\"contentUrl\":\"https:\/\/www.reservoirbaskatong.qc.ca\/wp-content\/uploads\/2018\/06\/Ass-pourvoirie-baskatong-Logo.jpg\",\"width\":524,\"height\":287,\"caption\":\"Association des pourvoiries du R\u00e9servoir Baskatong - Pourvoiries au Qu\u00e9bec, pourvoiries en Outaouais!\"},\"image\":{\"@id\":\"https:\/\/www.reservoirbaskatong.qc.ca\/#\/schema\/logo\/image\/\"}}]}<\/script>\n<!-- \/ Yoast SEO plugin. -->","yoast_head_json":{"title":"Home - Association des pourvoiries du R\u00e9servoir Baskatong - Pourvoiries au Qu\u00e9bec, pourvoiries en Outaouais!","description":"Pourvoiries de chasse et de p\u00eache. Immense plan d'eau situ\u00e9 \u00e0 3 heures de Montr\u00e9al, l'aire faunique communautaire du R\u00e9servoir Baskatong est l'endroit id\u00e9al pour les chasseurs, les p\u00eacheurs et des vacanciers avident de grande nature et de plein air.","robots":{"index":"index","follow":"follow","max-snippet":"max-snippet:-1","max-image-preview":"max-image-preview:large","max-video-preview":"max-video-preview:-1"},"canonical":"https:\/\/www.reservoirbaskatong.qc.ca\/en\/","og_locale":"en_US","og_type":"article","og_title":"Home - Association des pourvoiries du R\u00e9servoir Baskatong - Pourvoiries au Qu\u00e9bec, pourvoiries en Outaouais!","og_description":"Pourvoiries de chasse et de p\u00eache. Immense plan d'eau situ\u00e9 \u00e0 3 heures de Montr\u00e9al, l'aire faunique communautaire du R\u00e9servoir Baskatong est l'endroit id\u00e9al pour les chasseurs, les p\u00eacheurs et des vacanciers avident de grande nature et de plein air.","og_url":"https:\/\/www.reservoirbaskatong.qc.ca\/en\/","og_site_name":"Association des pourvoiries du R\u00e9servoir Baskatong - Pourvoiries au Qu\u00e9bec, pourvoiries en Outaouais!","article_modified_time":"2022-03-09T19:55:22+00:00","og_image":[{"url":"https:\/\/www.reservoirbaskatong.qc.ca\/wp-content\/uploads\/2019\/02\/resevoir_baskatong.png","type":"","width":"","height":""}],"twitter_card":"summary_large_image","twitter_misc":{"Est. reading time":"2 minutes"},"schema":{"@context":"https:\/\/schema.org","@graph":[{"@type":"WebPage","@id":"https:\/\/www.reservoirbaskatong.qc.ca\/en\/","url":"https:\/\/www.reservoirbaskatong.qc.ca\/en\/","name":"Home - Association des pourvoiries du R\u00e9servoir Baskatong - Pourvoiries au Qu\u00e9bec, pourvoiries en Outaouais!","isPartOf":{"@id":"https:\/\/www.reservoirbaskatong.qc.ca\/#website"},"primaryImageOfPage":{"@id":"https:\/\/www.reservoirbaskatong.qc.ca\/en\/#primaryimage"},"image":{"@id":"https:\/\/www.reservoirbaskatong.qc.ca\/en\/#primaryimage"},"thumbnailUrl":"https:\/\/www.reservoirbaskatong.qc.ca\/wp-content\/uploads\/2019\/02\/resevoir_baskatong.png","datePublished":"2016-12-21T09:23:58+00:00","dateModified":"2022-03-09T19:55:22+00:00","description":"Pourvoiries de chasse et de p\u00eache. Immense plan d'eau situ\u00e9 \u00e0 3 heures de Montr\u00e9al, l'aire faunique communautaire du R\u00e9servoir Baskatong est l'endroit id\u00e9al pour les chasseurs, les p\u00eacheurs et des vacanciers avident de grande nature et de plein air.","breadcrumb":{"@id":"https:\/\/www.reservoirbaskatong.qc.ca\/en\/#breadcrumb"},"inLanguage":"en-US","potentialAction":[{"@type":"ReadAction","target":["https:\/\/www.reservoirbaskatong.qc.ca\/en\/"]}]},{"@type":"ImageObject","inLanguage":"en-US","@id":"https:\/\/www.reservoirbaskatong.qc.ca\/en\/#primaryimage","url":"https:\/\/www.reservoirbaskatong.qc.ca\/wp-content\/uploads\/2019\/02\/resevoir_baskatong.png","contentUrl":"https:\/\/www.reservoirbaskatong.qc.ca\/wp-content\/uploads\/2019\/02\/resevoir_baskatong.png"},{"@type":"BreadcrumbList","@id":"https:\/\/www.reservoirbaskatong.qc.ca\/en\/#breadcrumb","itemListElement":[{"@type":"ListItem","position":1,"name":"Accueil","item":"https:\/\/www.reservoirbaskatong.qc.ca\/en\/"},{"@type":"ListItem","position":2,"name":"Home"}]},{"@type":"WebSite","@id":"https:\/\/www.reservoirbaskatong.qc.ca\/#website","url":"https:\/\/www.reservoirbaskatong.qc.ca\/","name":"Association des pourvoiries du R\u00e9servoir Baskatong - Pourvoiries au Qu\u00e9bec, pourvoiries en Outaouais!","description":"","publisher":{"@id":"https:\/\/www.reservoirbaskatong.qc.ca\/#organization"},"potentialAction":[{"@type":"SearchAction","target":{"@type":"EntryPoint","urlTemplate":"https:\/\/www.reservoirbaskatong.qc.ca\/?s={search_term_string}"},"query-input":{"@type":"PropertyValueSpecification","valueRequired":true,"valueName":"search_term_string"}}],"inLanguage":"en-US"},{"@type":"Organization","@id":"https:\/\/www.reservoirbaskatong.qc.ca\/#organization","name":"Association des pourvoiries du R\u00e9servoir Baskatong - Pourvoiries au Qu\u00e9bec, pourvoiries en Outaouais!","url":"https:\/\/www.reservoirbaskatong.qc.ca\/","logo":{"@type":"ImageObject","inLanguage":"en-US","@id":"https:\/\/www.reservoirbaskatong.qc.ca\/#\/schema\/logo\/image\/","url":"https:\/\/www.reservoirbaskatong.qc.ca\/wp-content\/uploads\/2018\/06\/Ass-pourvoirie-baskatong-Logo.jpg","contentUrl":"https:\/\/www.reservoirbaskatong.qc.ca\/wp-content\/uploads\/2018\/06\/Ass-pourvoirie-baskatong-Logo.jpg","width":524,"height":287,"caption":"Association des pourvoiries du R\u00e9servoir Baskatong - Pourvoiries au Qu\u00e9bec, pourvoiries en Outaouais!"},"image":{"@id":"https:\/\/www.reservoirbaskatong.qc.ca\/#\/schema\/logo\/image\/"}}]}},"_links":{"self":[{"href":"https:\/\/www.reservoirbaskatong.qc.ca\/en\/wp-json\/wp\/v2\/pages\/4698","targetHints":{"allow":["GET"]}}],"collection":[{"href":"https:\/\/www.reservoirbaskatong.qc.ca\/en\/wp-json\/wp\/v2\/pages"}],"about":[{"href":"https:\/\/www.reservoirbaskatong.qc.ca\/en\/wp-json\/wp\/v2\/types\/page"}],"author":[{"embeddable":true,"href":"https:\/\/www.reservoirbaskatong.qc.ca\/en\/wp-json\/wp\/v2\/users\/1"}],"replies":[{"embeddable":true,"href":"https:\/\/www.reservoirbaskatong.qc.ca\/en\/wp-json\/wp\/v2\/comments?post=4698"}],"version-history":[{"count":26,"href":"https:\/\/www.reservoirbaskatong.qc.ca\/en\/wp-json\/wp\/v2\/pages\/4698\/revisions"}],"predecessor-version":[{"id":4877,"href":"https:\/\/www.reservoirbaskatong.qc.ca\/en\/wp-json\/wp\/v2\/pages\/4698\/revisions\/4877"}],"wp:attachment":[{"href":"https:\/\/www.reservoirbaskatong.qc.ca\/en\/wp-json\/wp\/v2\/media?parent=4698"}],"curies":[{"name":"wp","href":"https:\/\/api.w.org\/{rel}","templated":true}]}}