{"id":4721,"date":"2018-06-18T19:41:32","date_gmt":"2018-06-18T17:41:32","guid":{"rendered":"http:\/\/www.reservoirbaskatong.qc.ca\/nospourvoiries\/"},"modified":"2019-03-25T19:51:41","modified_gmt":"2019-03-25T18:51:41","slug":"our-outfitters","status":"publish","type":"page","link":"https:\/\/www.reservoirbaskatong.qc.ca\/en\/our-outfitters\/","title":{"rendered":"Our outfitters"},"content":{"rendered":"\r\n            \r\n            \r\n            \r\n            <a name='map2'><\/a>\r\n            \r\n            \r\n            \r\n            \r\n            <div class=\"wpgmza_map \"  id=\"wpgmza_map_2\" style=\"display:block; overflow:auto; width:100%; height:600px; float:left;\" data-settings='{\"id\":\"2\",\"map_title\":\"Nos pourvoiries\",\"map_width\":\"100\",\"map_height\":\"600\",\"map_start_lat\":\"46.723082\",\"map_start_lng\":\"-76.038808\",\"map_start_location\":\"46.723082,-76.038808\",\"map_start_zoom\":\"11\",\"default_marker\":\"\",\"type\":\"1\",\"alignment\":\"1\",\"directions_enabled\":\"0\",\"styling_enabled\":\"0\",\"styling_json\":\"\",\"active\":\"0\",\"kml\":\"\",\"bicycle\":\"0\",\"traffic\":\"0\",\"dbox\":\"1\",\"dbox_width\":\"100\",\"listmarkers\":\"0\",\"listmarkers_advanced\":\"0\",\"filterbycat\":\"0\",\"ugm_enabled\":\"0\",\"ugm_category_enabled\":\"0\",\"fusion\":\"\",\"map_width_type\":\"%\",\"map_height_type\":\"px\",\"mass_marker_support\":\"1\",\"ugm_access\":\"0\",\"order_markers_by\":\"1\",\"order_markers_choice\":\"1\",\"show_user_location\":\"1\",\"default_to\":\"\",\"other_settings\":{\"store_locator_style\":\"legacy\",\"wpgmza_store_locator_radius_style\":\"legacy\",\"directions_box_style\":\"modern\",\"wpgmza_dbox_width_type\":\"%\",\"map_max_zoom\":\"7\",\"override_users_location_zoom_levels\":\"\",\"map_min_zoom\":\"19\",\"sl_stroke_color\":\"#000000\",\"sl_stroke_opacity\":\"\",\"sl_fill_color\":\"#000000\",\"sl_fill_opacity\":\"\",\"automatically_pan_to_users_location\":false,\"override_users_location_zoom_level\":false,\"click_open_link\":true,\"hide_point_of_interest\":false,\"wpgmza_auto_night\":0,\"transport_layer\":false,\"iw_primary_color\":\"#000000\",\"iw_accent_color\":\"#000000\",\"iw_text_color\":\"#000000\",\"wpgmza_iw_type\":\"0\",\"list_markers_by\":\"1\",\"push_in_map\":\"\",\"push_in_map_placement\":\"11\",\"wpgmza_push_in_map_width\":\"\",\"wpgmza_push_in_map_height\":\"\",\"wpgmza_theme_data\":\"[]\",\"wpgmza_theme_selection\":0,\"upload_default_ul_marker\":\"\",\"upload_default_sl_marker\":\"\",\"shortcodeAttributes\":{\"id\":\"2\"},\"action\":\"wpgmza_save_map\",\"redirect_to\":\"\\\/wp-admin\\\/admin-post.php\",\"map_id\":\"2\",\"http_referer\":\"\\\/wp-admin\\\/admin.php?page=wp-google-maps-menu&amp;amp;action=edit&amp;amp;map_id=2\",\"wpgmza_id\":\"2\",\"wpgmza_start_location\":\"46.723082,-76.038808\",\"wpgmza_start_zoom\":\"11\",\"default_from\":\"\",\"directions_behaviour\":\"default\",\"force_google_directions_app\":false,\"directions_route_origin_icon\":\"https:\\\/\\\/www.reservoirbaskatong.qc.ca\\\/wp-content\\\/plugins\\\/wp-google-maps\\\/images\\\/spotlight-poi3.png\",\"directions_origin_retina\":false,\"directions_route_destination_icon\":\"https:\\\/\\\/www.reservoirbaskatong.qc.ca\\\/wp-content\\\/plugins\\\/wp-google-maps\\\/images\\\/spotlight-poi3.png\",\"directions_destination_retina\":false,\"directions_route_stroke_color\":\"#4f8df5\",\"directions_route_stroke_weight\":\"4\",\"directions_route_stroke_opacity\":\"0.8\",\"directions_fit_bounds_to_route\":false,\"store_locator_enabled\":false,\"store_locator_search_area\":\"radial\",\"wpgmza_store_locator_default_radius\":\"10\",\"store_locator_auto_area_max_zoom\":\"\",\"wpgmza_store_locator_restrict\":\"\",\"store_locator_distance\":false,\"wpgmza_store_locator_position\":false,\"store_locator_show_distance\":false,\"store_locator_category\":false,\"wpgmza_store_locator_use_their_location\":false,\"wpgmza_store_locator_bounce\":false,\"upload_default_sl_marker_retina\":false,\"wpgmza_sl_animation\":\"0\",\"wpgmza_store_locator_hide_before_search\":false,\"store_locator_query_string\":\"\",\"store_locator_location_placeholder\":\"\",\"store_locator_default_address\":\"\",\"store_locator_name_search\":false,\"store_locator_name_string\":\"\",\"store_locator_not_found_message\":\"\",\"retina\":false,\"wpgmza_map_align\":\"1\",\"upload_default_ul_marker_retina\":false,\"jump_to_nearest_marker_on_initialization\":false,\"show_distance_from_location\":false,\"fit_maps_bounds_to_markers\":false,\"fit_maps_bounds_to_markers_after_filtering\":false,\"wpgmza_zoom_on_marker_click\":false,\"wpgmza_zoom_on_marker_click_slider\":\"\",\"close_infowindow_on_map_click\":false,\"disable_lightbox_images\":false,\"use_Raw_Jpeg_Coordinates\":false,\"polygon_labels\":false,\"disable_polygon_info_windows\":false,\"enable_advanced_custom_fields_integration\":false,\"enable_toolset_woocommerce_integration\":false,\"only_load_markers_within_viewport\":false,\"zoom_level_mobile_override_enabled\":false,\"zoom_level_mobile_override\":\"\",\"wpgmza_listmarkers_by\":\"1\",\"wpgmza_marker_listing_position\":false,\"wpgmza_push_in_map\":false,\"wpgmza_push_in_map_placement\":\"1\",\"zoom_level_on_marker_listing_override\":false,\"zoom_level_on_marker_listing_click\":\"\",\"marker_listing_disable_zoom\":false,\"datatable_no_result_message\":\"\",\"remove_search_box_datables\":false,\"dataTable_pagination_style\":\"default\",\"datatable_search_string\":\"\",\"datatable_result_start\":\"\",\"datatable_result_of\":\"\",\"datatable_result_to\":\"\",\"datatable_result_total\":\"\",\"datatable_result_show\":\"\",\"datatable_result_entries\":\"\",\"wpgmza_savemap\":\"Enregistrer la carte \\u00bb\"}}' data-map-id='2' data-shortcode-attributes='{\"id\":\"2\"}'> <\/div>\r\n            \r\n            <div data-wpgmza-table data-wpgmza-php-class=\"WPGMZA\\MarkerListing\\BasicTable\" data-wpgmza-rest-api-route=\"\/marker-listing\/\" data-wpgmza-marker-listing=\"true\" class=\"wpgmza_marker_list_class\" style=\"width:100%;\" data-wpgmza-ajax-parameters='{\"map_id\":\"2\"}' id=\"wpgmza_marker_list_2\"><\/div>   \r\n        \n","protected":false},"excerpt":{"rendered":"","protected":false},"author":1,"featured_media":0,"parent":0,"menu_order":0,"comment_status":"closed","ping_status":"closed","template":"","meta":{"footnotes":""},"class_list":["post-4721","page","type-page","status-publish","hentry"],"yoast_head":"<!-- This site is optimized with the Yoast SEO plugin v25.3 - https:\/\/yoast.com\/wordpress\/plugins\/seo\/ -->\n<title>Our outfitters - Association des pourvoiries du R\u00e9servoir Baskatong - Pourvoiries au Qu\u00e9bec, pourvoiries en Outaouais!<\/title>\n<meta name=\"description\" content=\"Pourvoiries de chasse et de p\u00eache. Immense plan d&#039;eau situ\u00e9 \u00e0 3 heures de Montr\u00e9al, l&#039;aire faunique communautaire du R\u00e9servoir Baskatong est l&#039;endroit id\u00e9al pour les chasseurs, les p\u00eacheurs et des vacanciers avident de grande nature et de plein air.\" \/>\n<meta name=\"robots\" content=\"index, follow, max-snippet:-1, max-image-preview:large, max-video-preview:-1\" \/>\n<link rel=\"canonical\" href=\"https:\/\/www.reservoirbaskatong.qc.ca\/en\/our-outfitters\/\" \/>\n<meta property=\"og:locale\" content=\"en_US\" \/>\n<meta property=\"og:type\" content=\"article\" \/>\n<meta property=\"og:title\" content=\"Our outfitters - Association des pourvoiries du R\u00e9servoir Baskatong - Pourvoiries au Qu\u00e9bec, pourvoiries en Outaouais!\" \/>\n<meta property=\"og:description\" content=\"Pourvoiries de chasse et de p\u00eache. Immense plan d&#039;eau situ\u00e9 \u00e0 3 heures de Montr\u00e9al, l&#039;aire faunique communautaire du R\u00e9servoir Baskatong est l&#039;endroit id\u00e9al pour les chasseurs, les p\u00eacheurs et des vacanciers avident de grande nature et de plein air.\" \/>\n<meta property=\"og:url\" content=\"https:\/\/www.reservoirbaskatong.qc.ca\/en\/our-outfitters\/\" \/>\n<meta property=\"og:site_name\" content=\"Association des pourvoiries du R\u00e9servoir Baskatong - Pourvoiries au Qu\u00e9bec, pourvoiries en Outaouais!\" \/>\n<meta property=\"article:modified_time\" content=\"2019-03-25T18:51:41+00:00\" \/>\n<meta name=\"twitter:card\" content=\"summary_large_image\" \/>\n<script type=\"application\/ld+json\" class=\"yoast-schema-graph\">{\"@context\":\"https:\/\/schema.org\",\"@graph\":[{\"@type\":\"WebPage\",\"@id\":\"https:\/\/www.reservoirbaskatong.qc.ca\/en\/our-outfitters\/\",\"url\":\"https:\/\/www.reservoirbaskatong.qc.ca\/en\/our-outfitters\/\",\"name\":\"Our outfitters - Association des pourvoiries du R\u00e9servoir Baskatong - Pourvoiries au Qu\u00e9bec, pourvoiries en Outaouais!\",\"isPartOf\":{\"@id\":\"https:\/\/www.reservoirbaskatong.qc.ca\/#website\"},\"datePublished\":\"2018-06-18T17:41:32+00:00\",\"dateModified\":\"2019-03-25T18:51:41+00:00\",\"description\":\"Pourvoiries de chasse et de p\u00eache. Immense plan d'eau situ\u00e9 \u00e0 3 heures de Montr\u00e9al, l'aire faunique communautaire du R\u00e9servoir Baskatong est l'endroit id\u00e9al pour les chasseurs, les p\u00eacheurs et des vacanciers avident de grande nature et de plein air.\",\"breadcrumb\":{\"@id\":\"https:\/\/www.reservoirbaskatong.qc.ca\/en\/our-outfitters\/#breadcrumb\"},\"inLanguage\":\"en-US\",\"potentialAction\":[{\"@type\":\"ReadAction\",\"target\":[\"https:\/\/www.reservoirbaskatong.qc.ca\/en\/our-outfitters\/\"]}]},{\"@type\":\"BreadcrumbList\",\"@id\":\"https:\/\/www.reservoirbaskatong.qc.ca\/en\/our-outfitters\/#breadcrumb\",\"itemListElement\":[{\"@type\":\"ListItem\",\"position\":1,\"name\":\"Accueil\",\"item\":\"https:\/\/www.reservoirbaskatong.qc.ca\/en\/\"},{\"@type\":\"ListItem\",\"position\":2,\"name\":\"Our outfitters\"}]},{\"@type\":\"WebSite\",\"@id\":\"https:\/\/www.reservoirbaskatong.qc.ca\/#website\",\"url\":\"https:\/\/www.reservoirbaskatong.qc.ca\/\",\"name\":\"Association des pourvoiries du R\u00e9servoir Baskatong - Pourvoiries au Qu\u00e9bec, pourvoiries en Outaouais!\",\"description\":\"\",\"publisher\":{\"@id\":\"https:\/\/www.reservoirbaskatong.qc.ca\/#organization\"},\"potentialAction\":[{\"@type\":\"SearchAction\",\"target\":{\"@type\":\"EntryPoint\",\"urlTemplate\":\"https:\/\/www.reservoirbaskatong.qc.ca\/?s={search_term_string}\"},\"query-input\":{\"@type\":\"PropertyValueSpecification\",\"valueRequired\":true,\"valueName\":\"search_term_string\"}}],\"inLanguage\":\"en-US\"},{\"@type\":\"Organization\",\"@id\":\"https:\/\/www.reservoirbaskatong.qc.ca\/#organization\",\"name\":\"Association des pourvoiries du R\u00e9servoir Baskatong - Pourvoiries au Qu\u00e9bec, pourvoiries en Outaouais!\",\"url\":\"https:\/\/www.reservoirbaskatong.qc.ca\/\",\"logo\":{\"@type\":\"ImageObject\",\"inLanguage\":\"en-US\",\"@id\":\"https:\/\/www.reservoirbaskatong.qc.ca\/#\/schema\/logo\/image\/\",\"url\":\"https:\/\/www.reservoirbaskatong.qc.ca\/wp-content\/uploads\/2018\/06\/Ass-pourvoirie-baskatong-Logo.jpg\",\"contentUrl\":\"https:\/\/www.reservoirbaskatong.qc.ca\/wp-content\/uploads\/2018\/06\/Ass-pourvoirie-baskatong-Logo.jpg\",\"width\":524,\"height\":287,\"caption\":\"Association des pourvoiries du R\u00e9servoir Baskatong - Pourvoiries au Qu\u00e9bec, pourvoiries en Outaouais!\"},\"image\":{\"@id\":\"https:\/\/www.reservoirbaskatong.qc.ca\/#\/schema\/logo\/image\/\"}}]}<\/script>\n<!-- \/ Yoast SEO plugin. -->","yoast_head_json":{"title":"Our outfitters - Association des pourvoiries du R\u00e9servoir Baskatong - Pourvoiries au Qu\u00e9bec, pourvoiries en Outaouais!","description":"Pourvoiries de chasse et de p\u00eache. Immense plan d'eau situ\u00e9 \u00e0 3 heures de Montr\u00e9al, l'aire faunique communautaire du R\u00e9servoir Baskatong est l'endroit id\u00e9al pour les chasseurs, les p\u00eacheurs et des vacanciers avident de grande nature et de plein air.","robots":{"index":"index","follow":"follow","max-snippet":"max-snippet:-1","max-image-preview":"max-image-preview:large","max-video-preview":"max-video-preview:-1"},"canonical":"https:\/\/www.reservoirbaskatong.qc.ca\/en\/our-outfitters\/","og_locale":"en_US","og_type":"article","og_title":"Our outfitters - Association des pourvoiries du R\u00e9servoir Baskatong - Pourvoiries au Qu\u00e9bec, pourvoiries en Outaouais!","og_description":"Pourvoiries de chasse et de p\u00eache. Immense plan d'eau situ\u00e9 \u00e0 3 heures de Montr\u00e9al, l'aire faunique communautaire du R\u00e9servoir Baskatong est l'endroit id\u00e9al pour les chasseurs, les p\u00eacheurs et des vacanciers avident de grande nature et de plein air.","og_url":"https:\/\/www.reservoirbaskatong.qc.ca\/en\/our-outfitters\/","og_site_name":"Association des pourvoiries du R\u00e9servoir Baskatong - Pourvoiries au Qu\u00e9bec, pourvoiries en Outaouais!","article_modified_time":"2019-03-25T18:51:41+00:00","twitter_card":"summary_large_image","schema":{"@context":"https:\/\/schema.org","@graph":[{"@type":"WebPage","@id":"https:\/\/www.reservoirbaskatong.qc.ca\/en\/our-outfitters\/","url":"https:\/\/www.reservoirbaskatong.qc.ca\/en\/our-outfitters\/","name":"Our outfitters - Association des pourvoiries du R\u00e9servoir Baskatong - Pourvoiries au Qu\u00e9bec, pourvoiries en Outaouais!","isPartOf":{"@id":"https:\/\/www.reservoirbaskatong.qc.ca\/#website"},"datePublished":"2018-06-18T17:41:32+00:00","dateModified":"2019-03-25T18:51:41+00:00","description":"Pourvoiries de chasse et de p\u00eache. Immense plan d'eau situ\u00e9 \u00e0 3 heures de Montr\u00e9al, l'aire faunique communautaire du R\u00e9servoir Baskatong est l'endroit id\u00e9al pour les chasseurs, les p\u00eacheurs et des vacanciers avident de grande nature et de plein air.","breadcrumb":{"@id":"https:\/\/www.reservoirbaskatong.qc.ca\/en\/our-outfitters\/#breadcrumb"},"inLanguage":"en-US","potentialAction":[{"@type":"ReadAction","target":["https:\/\/www.reservoirbaskatong.qc.ca\/en\/our-outfitters\/"]}]},{"@type":"BreadcrumbList","@id":"https:\/\/www.reservoirbaskatong.qc.ca\/en\/our-outfitters\/#breadcrumb","itemListElement":[{"@type":"ListItem","position":1,"name":"Accueil","item":"https:\/\/www.reservoirbaskatong.qc.ca\/en\/"},{"@type":"ListItem","position":2,"name":"Our outfitters"}]},{"@type":"WebSite","@id":"https:\/\/www.reservoirbaskatong.qc.ca\/#website","url":"https:\/\/www.reservoirbaskatong.qc.ca\/","name":"Association des pourvoiries du R\u00e9servoir Baskatong - Pourvoiries au Qu\u00e9bec, pourvoiries en Outaouais!","description":"","publisher":{"@id":"https:\/\/www.reservoirbaskatong.qc.ca\/#organization"},"potentialAction":[{"@type":"SearchAction","target":{"@type":"EntryPoint","urlTemplate":"https:\/\/www.reservoirbaskatong.qc.ca\/?s={search_term_string}"},"query-input":{"@type":"PropertyValueSpecification","valueRequired":true,"valueName":"search_term_string"}}],"inLanguage":"en-US"},{"@type":"Organization","@id":"https:\/\/www.reservoirbaskatong.qc.ca\/#organization","name":"Association des pourvoiries du R\u00e9servoir Baskatong - Pourvoiries au Qu\u00e9bec, pourvoiries en Outaouais!","url":"https:\/\/www.reservoirbaskatong.qc.ca\/","logo":{"@type":"ImageObject","inLanguage":"en-US","@id":"https:\/\/www.reservoirbaskatong.qc.ca\/#\/schema\/logo\/image\/","url":"https:\/\/www.reservoirbaskatong.qc.ca\/wp-content\/uploads\/2018\/06\/Ass-pourvoirie-baskatong-Logo.jpg","contentUrl":"https:\/\/www.reservoirbaskatong.qc.ca\/wp-content\/uploads\/2018\/06\/Ass-pourvoirie-baskatong-Logo.jpg","width":524,"height":287,"caption":"Association des pourvoiries du R\u00e9servoir Baskatong - Pourvoiries au Qu\u00e9bec, pourvoiries en Outaouais!"},"image":{"@id":"https:\/\/www.reservoirbaskatong.qc.ca\/#\/schema\/logo\/image\/"}}]}},"_links":{"self":[{"href":"https:\/\/www.reservoirbaskatong.qc.ca\/en\/wp-json\/wp\/v2\/pages\/4721","targetHints":{"allow":["GET"]}}],"collection":[{"href":"https:\/\/www.reservoirbaskatong.qc.ca\/en\/wp-json\/wp\/v2\/pages"}],"about":[{"href":"https:\/\/www.reservoirbaskatong.qc.ca\/en\/wp-json\/wp\/v2\/types\/page"}],"author":[{"embeddable":true,"href":"https:\/\/www.reservoirbaskatong.qc.ca\/en\/wp-json\/wp\/v2\/users\/1"}],"replies":[{"embeddable":true,"href":"https:\/\/www.reservoirbaskatong.qc.ca\/en\/wp-json\/wp\/v2\/comments?post=4721"}],"version-history":[{"count":2,"href":"https:\/\/www.reservoirbaskatong.qc.ca\/en\/wp-json\/wp\/v2\/pages\/4721\/revisions"}],"predecessor-version":[{"id":4726,"href":"https:\/\/www.reservoirbaskatong.qc.ca\/en\/wp-json\/wp\/v2\/pages\/4721\/revisions\/4726"}],"wp:attachment":[{"href":"https:\/\/www.reservoirbaskatong.qc.ca\/en\/wp-json\/wp\/v2\/media?parent=4721"}],"curies":[{"name":"wp","href":"https:\/\/api.w.org\/{rel}","templated":true}]}}